{"id":32,"date":"2024-07-17T06:34:32","date_gmt":"2024-07-17T06:34:32","guid":{"rendered":"https:\/\/www.saricidesign.com\/?page_id=32"},"modified":"2026-02-05T09:04:31","modified_gmt":"2026-02-05T09:04:31","slug":"hakkimizda-2","status":"publish","type":"page","link":"https:\/\/www.saricidesign.com\/?page_id=32","title":{"rendered":"HAKKIMIZDA"},"content":{"rendered":"\n<p>2012 y\u0131l\u0131nda kurulan Sarici Design Studio, yat i\u00e7 mekan tasar\u0131m\u0131 ve proje y\u00f6netimi konular\u0131nda hizmet vermektedir.<\/p>\n\n\n\n<p><\/p>\n\n\n\n<div class=\"wp-block-columns is-layout-flex wp-container-core-columns-is-layout-28f84493 wp-block-columns-is-layout-flex\">\n<div class=\"wp-block-column is-layout-flow wp-block-column-is-layout-flow\" style=\"flex-basis:100%\"><\/div>\n<\/div>\n\n\n\n<div class=\"wp-block-group has-global-padding is-layout-constrained wp-block-group-is-layout-constrained\">\n<div style=\"height:82px\" aria-hidden=\"true\" class=\"wp-block-spacer\"><\/div>\n<\/div>\n\n\n<div class=\"is-default-size wp-block-site-logo\"><a href=\"https:\/\/www.saricidesign.com\/\" class=\"custom-logo-link\" rel=\"home\"><img loading=\"lazy\" decoding=\"async\" width=\"512\" height=\"193\" src=\"https:\/\/www.saricidesign.com\/wp-content\/uploads\/2024\/07\/cropped-Adsiz-1-photoaidcom-invert-1.png\" class=\"custom-logo\" alt=\"SARICI Design\" srcset=\"https:\/\/www.saricidesign.com\/wp-content\/uploads\/2024\/07\/cropped-Adsiz-1-photoaidcom-invert-1.png 512w, https:\/\/www.saricidesign.com\/wp-content\/uploads\/2024\/07\/cropped-Adsiz-1-photoaidcom-invert-1-300x113.png 300w\" sizes=\"auto, 100vw\" \/><\/a><\/div>\n\n\n<p><\/p>\n","protected":false},"excerpt":{"rendered":"<p>2012 y\u0131l\u0131nda kurulan Sarici Design Studio, yat i\u00e7 mekan tasar\u0131m\u0131 ve proje y\u00f6netimi konular\u0131nda hizmet vermektedir.<\/p>\n","protected":false},"author":1,"featured_media":0,"parent":0,"menu_order":0,"comment_status":"closed","ping_status":"closed","template":"","meta":{"footnotes":""},"class_list":["post-32","page","type-page","status-publish","hentry"],"_links":{"self":[{"href":"https:\/\/www.saricidesign.com\/index.php?rest_route=\/wp\/v2\/pages\/32","targetHints":{"allow":["GET"]}}],"collection":[{"href":"https:\/\/www.saricidesign.com\/index.php?rest_route=\/wp\/v2\/pages"}],"about":[{"href":"https:\/\/www.saricidesign.com\/index.php?rest_route=\/wp\/v2\/types\/page"}],"author":[{"embeddable":true,"href":"https:\/\/www.saricidesign.com\/index.php?rest_route=\/wp\/v2\/users\/1"}],"replies":[{"embeddable":true,"href":"https:\/\/www.saricidesign.com\/index.php?rest_route=%2Fwp%2Fv2%2Fcomments&post=32"}],"version-history":[{"count":13,"href":"https:\/\/www.saricidesign.com\/index.php?rest_route=\/wp\/v2\/pages\/32\/revisions"}],"predecessor-version":[{"id":882,"href":"https:\/\/www.saricidesign.com\/index.php?rest_route=\/wp\/v2\/pages\/32\/revisions\/882"}],"wp:attachment":[{"href":"https:\/\/www.saricidesign.com\/index.php?rest_route=%2Fwp%2Fv2%2Fmedia&parent=32"}],"curies":[{"name":"wp","href":"https:\/\/api.w.org\/{rel}","templated":true}]}}