{"id":148,"date":"2024-07-17T10:32:43","date_gmt":"2024-07-17T10:32:43","guid":{"rendered":"https:\/\/www.saricidesign.com\/?page_id=148"},"modified":"2024-07-30T05:05:20","modified_gmt":"2024-07-30T05:05:20","slug":"yasal-uyari","status":"publish","type":"page","link":"https:\/\/www.saricidesign.com\/?page_id=148","title":{"rendered":"YASAL UYARI"},"content":{"rendered":"\n<p class=\"has-text-align-center\"><strong>F\u0130KR\u0130 HAKLAR<\/strong><\/p>\n\n\n\n<p class=\"has-text-align-center\">Bu siteyi g\u00f6r\u00fcnt\u00fcleyen ki\u015fiye; bu sitenin t\u00fcm i\u00e7eri\u011fi, i\u00e7inde bulunan t\u00fcm maddi \u00fcr\u00fcnler ve bu sitede bulunan her\u015feyin T\u00fcrk ve Uluslararas\u0131 Fikir ve Sanat Eserleri Kanunu \u00e7er\u00e7evesinde koruma alt\u0131nda oldu\u011funa dair yasal uyar\u0131 bildirisi yap\u0131lm\u0131\u015ft\u0131r.<br>SARICI DESIGN STUDIO&#8217;nun pe\u015fin muvaffakat\u0131n\u0131 elde etmeden bu sitede yer alan \u00fcr\u00fcnler ve tasar\u0131mlarla ilgili herhangi bir \u00e7o\u011faltma, k\u00f6t\u00fcye kullanma, iddia da bulunulmas\u0131, toplu veya k\u0131smi bas\u0131m, her ne ko\u015fulda olursa olsun herhangi bir kamusal reklamda yer almas\u0131 durumunda veya her ne nedenle olursa olsun bu sitede yer alanlar \u00fczerinde m\u00fclkiyet hakk\u0131 iddia edenler kanunen uygulanacak yapt\u0131r\u0131mlar kar\u015f\u0131s\u0131nda y\u00fck\u00fcml\u00fc olmakta ve hak sahibinin fikir haklar\u0131na dayanarak maruz kald\u0131\u011f\u0131 zarar kar\u015f\u0131l\u0131\u011f\u0131nda tazminat \u00f6demek konusunda yasal olarak sorumlu olmaktad\u0131rlar.<\/p>\n\n\n<div class=\"is-default-size wp-block-site-logo\"><a href=\"https:\/\/www.saricidesign.com\/\" class=\"custom-logo-link\" rel=\"home\"><img loading=\"lazy\" decoding=\"async\" width=\"512\" height=\"193\" src=\"https:\/\/www.saricidesign.com\/wp-content\/uploads\/2024\/07\/cropped-Adsiz-1-photoaidcom-invert-1.png\" class=\"custom-logo\" alt=\"SARICI Design\" srcset=\"https:\/\/www.saricidesign.com\/wp-content\/uploads\/2024\/07\/cropped-Adsiz-1-photoaidcom-invert-1.png 512w, https:\/\/www.saricidesign.com\/wp-content\/uploads\/2024\/07\/cropped-Adsiz-1-photoaidcom-invert-1-300x113.png 300w\" sizes=\"auto, 100vw\" \/><\/a><\/div>","protected":false},"excerpt":{"rendered":"<p>F\u0130KR\u0130 HAKLAR Bu siteyi g\u00f6r\u00fcnt\u00fcleyen ki\u015fiye; bu sitenin t\u00fcm i\u00e7eri\u011fi, i\u00e7inde bulunan t\u00fcm maddi \u00fcr\u00fcnler ve bu sitede bulunan her\u015feyin T\u00fcrk ve Uluslararas\u0131 Fikir ve Sanat Eserleri Kanunu \u00e7er\u00e7evesinde koruma alt\u0131nda oldu\u011funa dair yasal uyar\u0131 bildirisi yap\u0131lm\u0131\u015ft\u0131r.SARICI DESIGN STUDIO&#8217;nun pe\u015fin muvaffakat\u0131n\u0131 elde etmeden bu sitede yer alan \u00fcr\u00fcnler ve tasar\u0131mlarla ilgili herhangi bir \u00e7o\u011faltma, k\u00f6t\u00fcye &hellip; <\/p>\n<p class=\"link-more\"><a href=\"https:\/\/www.saricidesign.com\/?page_id=148\" class=\"more-link\"><span class=\"screen-reader-text\"> &#8220;YASAL UYARI&#8221;<\/span>devam\u0131n\u0131 oku<\/a><\/p>\n","protected":false},"author":1,"featured_media":0,"parent":0,"menu_order":0,"comment_status":"closed","ping_status":"closed","template":"","meta":{"footnotes":""},"class_list":["post-148","page","type-page","status-publish","hentry"],"_links":{"self":[{"href":"https:\/\/www.saricidesign.com\/index.php?rest_route=\/wp\/v2\/pages\/148","targetHints":{"allow":["GET"]}}],"collection":[{"href":"https:\/\/www.saricidesign.com\/index.php?rest_route=\/wp\/v2\/pages"}],"about":[{"href":"https:\/\/www.saricidesign.com\/index.php?rest_route=\/wp\/v2\/types\/page"}],"author":[{"embeddable":true,"href":"https:\/\/www.saricidesign.com\/index.php?rest_route=\/wp\/v2\/users\/1"}],"replies":[{"embeddable":true,"href":"https:\/\/www.saricidesign.com\/index.php?rest_route=%2Fwp%2Fv2%2Fcomments&post=148"}],"version-history":[{"count":3,"href":"https:\/\/www.saricidesign.com\/index.php?rest_route=\/wp\/v2\/pages\/148\/revisions"}],"predecessor-version":[{"id":773,"href":"https:\/\/www.saricidesign.com\/index.php?rest_route=\/wp\/v2\/pages\/148\/revisions\/773"}],"wp:attachment":[{"href":"https:\/\/www.saricidesign.com\/index.php?rest_route=%2Fwp%2Fv2%2Fmedia&parent=148"}],"curies":[{"name":"wp","href":"https:\/\/api.w.org\/{rel}","templated":true}]}}